{"id":1995,"date":"2025-03-12T12:54:08","date_gmt":"2025-03-12T15:54:08","guid":{"rendered":"https:\/\/dofiodaseda.com\/?post_type=product&#038;p=1995"},"modified":"2025-03-12T16:29:34","modified_gmt":"2025-03-12T19:29:34","slug":"indigo","status":"publish","type":"product","link":"https:\/\/dofiodaseda.com\/it\/prodotto\/indigo\/","title":{"rendered":"Indigo"},"content":{"rendered":"<p>Len\u00e7o em seda, tingido com pigmento natural.<\/p>\n<p>Uma op\u00e7\u00e3o para quem busca versatilidade e estilo em uma pe\u00e7a dur\u00e1vel, mas ao mesmo tempo delicada e sutil. Pode ser usado para compor looks como um acess\u00f3rio para bolsa, cabelo, roupas, ou o cl\u00e1ssico em volta do pesco\u00e7o.<\/p>","protected":false},"excerpt":{"rendered":"<p>Len\u00e7o de seda tingido com elementos naturais (Indigofera tinctoria).<\/p>\n<p>Fatto a mano da Deborah Rocha.<\/p>","protected":false},"featured_media":2004,"comment_status":"open","ping_status":"closed","template":"","meta":[],"product_brand":[],"product_cat":[98,71,122],"product_tag":[],"class_list":{"0":"post-1995","1":"product","2":"type-product","3":"status-publish","4":"has-post-thumbnail","6":"product_cat-azul-de-seda","7":"product_cat-lencos","8":"product_cat-mais-queridos","10":"first","11":"instock","12":"shipping-taxable","13":"purchasable","14":"product-type-simple"},"_links":{"self":[{"href":"https:\/\/dofiodaseda.com\/it\/wp-json\/wp\/v2\/product\/1995","targetHints":{"allow":["GET"]}}],"collection":[{"href":"https:\/\/dofiodaseda.com\/it\/wp-json\/wp\/v2\/product"}],"about":[{"href":"https:\/\/dofiodaseda.com\/it\/wp-json\/wp\/v2\/types\/product"}],"replies":[{"embeddable":true,"href":"https:\/\/dofiodaseda.com\/it\/wp-json\/wp\/v2\/comments?post=1995"}],"wp:featuredmedia":[{"embeddable":true,"href":"https:\/\/dofiodaseda.com\/it\/wp-json\/wp\/v2\/media\/2004"}],"wp:attachment":[{"href":"https:\/\/dofiodaseda.com\/it\/wp-json\/wp\/v2\/media?parent=1995"}],"wp:term":[{"taxonomy":"product_brand","embeddable":true,"href":"https:\/\/dofiodaseda.com\/it\/wp-json\/wp\/v2\/product_brand?post=1995"},{"taxonomy":"product_cat","embeddable":true,"href":"https:\/\/dofiodaseda.com\/it\/wp-json\/wp\/v2\/product_cat?post=1995"},{"taxonomy":"product_tag","embeddable":true,"href":"https:\/\/dofiodaseda.com\/it\/wp-json\/wp\/v2\/product_tag?post=1995"}],"curies":[{"name":"wp","href":"https:\/\/api.w.org\/{rel}","templated":true}]}}