{"id":1823,"date":"2025-02-05T23:09:59","date_gmt":"2025-02-06T02:09:59","guid":{"rendered":"https:\/\/dofiodaseda.com\/?post_type=product&#038;p=1823"},"modified":"2025-03-20T12:49:04","modified_gmt":"2025-03-20T15:49:04","slug":"ello-eclipse","status":"publish","type":"product","link":"https:\/\/dofiodaseda.com\/fr\/produit\/ello-eclipse\/","title":{"rendered":"Ello Eclipse"},"content":{"rendered":"<p>Al\u00e9m de sua beleza, este len\u00e7o tem um significado profundo. O eclipse \u00e9 um s\u00edmbolo antigo de transforma\u00e7\u00e3o encontrado em muitas culturas ao longo da Rota da Seda, cada uma atribuindo significados especiais a ele. Para n\u00f3s, ele representa o poder da mudan\u00e7a, o despertar e a possibilidade de viver novos sonhos que todos n\u00f3s carregamos dentro de n\u00f3s. Cada c\u00e9u lunar representa um aspecto da vida: fam\u00edlia, amizade, sa\u00fade, amor, conhecimento&#8230;<\/p>\n<p>Usar esse len\u00e7o \u00e9 um lembrete constante da import\u00e2ncia de despertar os sonhos, ao mesmo tempo em que se celebra esse misterioso casamento entre a lua e o sol com desprendimento e positividade.<\/p>\n<p>Une option pour ceux qui recherchent la polyvalence et le style dans une pi\u00e8ce durable, \u00e0 la fois d\u00e9licate et subtile. Il peut \u00eatre port\u00e9 comme un accessoire pour les sacs, les cheveux, les v\u00eatements ou comme un classique autour du cou.<\/p>","protected":false},"excerpt":{"rendered":"<p>Um trio de len\u00e7os de seda tingidos com elementos naturais (\u00edndigo, Pau-Brasil).<\/p>\n<p>Il est fait main par mes soins.<\/p>","protected":false},"featured_media":1811,"comment_status":"open","ping_status":"closed","template":"","meta":[],"product_brand":[],"product_cat":[123,71],"product_tag":[],"class_list":{"0":"post-1823","1":"product","2":"type-product","3":"status-publish","4":"has-post-thumbnail","6":"product_cat-ello","7":"product_cat-lencos","9":"first","10":"outofstock","11":"sale","12":"shipping-taxable","13":"purchasable","14":"product-type-simple"},"_links":{"self":[{"href":"https:\/\/dofiodaseda.com\/fr\/wp-json\/wp\/v2\/product\/1823","targetHints":{"allow":["GET"]}}],"collection":[{"href":"https:\/\/dofiodaseda.com\/fr\/wp-json\/wp\/v2\/product"}],"about":[{"href":"https:\/\/dofiodaseda.com\/fr\/wp-json\/wp\/v2\/types\/product"}],"replies":[{"embeddable":true,"href":"https:\/\/dofiodaseda.com\/fr\/wp-json\/wp\/v2\/comments?post=1823"}],"wp:featuredmedia":[{"embeddable":true,"href":"https:\/\/dofiodaseda.com\/fr\/wp-json\/wp\/v2\/media\/1811"}],"wp:attachment":[{"href":"https:\/\/dofiodaseda.com\/fr\/wp-json\/wp\/v2\/media?parent=1823"}],"wp:term":[{"taxonomy":"product_brand","embeddable":true,"href":"https:\/\/dofiodaseda.com\/fr\/wp-json\/wp\/v2\/product_brand?post=1823"},{"taxonomy":"product_cat","embeddable":true,"href":"https:\/\/dofiodaseda.com\/fr\/wp-json\/wp\/v2\/product_cat?post=1823"},{"taxonomy":"product_tag","embeddable":true,"href":"https:\/\/dofiodaseda.com\/fr\/wp-json\/wp\/v2\/product_tag?post=1823"}],"curies":[{"name":"wp","href":"https:\/\/api.w.org\/{rel}","templated":true}]}}